{"id":11,"date":"2024-09-12T14:57:24","date_gmt":"2024-09-12T06:57:24","guid":{"rendered":"http:\/\/124.220.101.44:1075\/index.php\/cart\/"},"modified":"2024-12-06T04:37:30","modified_gmt":"2024-12-06T03:37:30","slug":"basket","status":"publish","type":"page","link":"https:\/\/lanrel.pl\/pl\/basket\/","title":{"rendered":"Koszyk"},"content":{"rendered":"<div data-block-name=\"woocommerce\/cart\" class=\"wp-block-woocommerce-cart alignwide is-loading\"><div data-block-name=\"woocommerce\/filled-cart-block\" class=\"wp-block-woocommerce-filled-cart-block\"><div data-block-name=\"woocommerce\/cart-items-block\" class=\"wp-block-woocommerce-cart-items-block\"><div data-block-name=\"woocommerce\/cart-line-items-block\" class=\"wp-block-woocommerce-cart-line-items-block\"><\/div>\n\n<div data-block-name=\"woocommerce\/cart-cross-sells-block\" class=\"wp-block-woocommerce-cart-cross-sells-block\"><h2 class=\"wp-block-heading has-large-font-size\">You may be interested in\u2026<\/h2>\n\n<div data-block-name=\"woocommerce\/cart-cross-sells-products-block\" class=\"wp-block-woocommerce-cart-cross-sells-products-block\"><\/div><\/div><\/div>\n\n<div data-block-name=\"woocommerce\/cart-totals-block\" class=\"wp-block-woocommerce-cart-totals-block\"><div data-block-name=\"woocommerce\/cart-order-summary-block\" class=\"wp-block-woocommerce-cart-order-summary-block\"><div data-block-name=\"woocommerce\/cart-order-summary-heading-block\" class=\"wp-block-woocommerce-cart-order-summary-heading-block\"><\/div>\n\n<div data-block-name=\"woocommerce\/cart-order-summary-coupon-form-block\" class=\"wp-block-woocommerce-cart-order-summary-coupon-form-block\"><\/div>\n\n<div data-block-name=\"woocommerce\/cart-order-summary-totals-block\" class=\"wp-block-woocommerce-cart-order-summary-totals-block\"><div data-block-name=\"woocommerce\/cart-order-summary-subtotal-block\" class=\"wp-block-woocommerce-cart-order-summary-subtotal-block\"><\/div>\n\n<div data-block-name=\"woocommerce\/cart-order-summary-fee-block\" class=\"wp-block-woocommerce-cart-order-summary-fee-block\"><\/div>\n\n<div data-block-name=\"woocommerce\/cart-order-summary-discount-block\" class=\"wp-block-woocommerce-cart-order-summary-discount-block\"><\/div>\n\n<div data-block-name=\"woocommerce\/cart-order-summary-shipping-block\" class=\"wp-block-woocommerce-cart-order-summary-shipping-block\"><\/div>\n\n<div data-block-name=\"woocommerce\/cart-order-summary-taxes-block\" class=\"wp-block-woocommerce-cart-order-summary-taxes-block\"><\/div><\/div><\/div>\n\n<div data-block-name=\"woocommerce\/cart-express-payment-block\" class=\"wp-block-woocommerce-cart-express-payment-block\"><\/div>\n\n<div data-block-name=\"woocommerce\/proceed-to-checkout-block\" class=\"wp-block-woocommerce-proceed-to-checkout-block\"><\/div>\n\n<div data-block-name=\"woocommerce\/cart-accepted-payment-methods-block\" class=\"wp-block-woocommerce-cart-accepted-payment-methods-block\"><\/div><\/div><\/div>\n\n<div data-block-name=\"woocommerce\/empty-cart-block\" class=\"wp-block-woocommerce-empty-cart-block\"><h2 class=\"wp-block-heading has-text-align-center with-empty-cart-icon wc-block-cart__empty-cart__title\">Koszyk jest pusty<\/h2>\n\n<p class=\"has-text-align-center\"><a href=\"https:\/\/lanrel.eu\/sklep\/\">Browse store<\/a><\/p>\n\n<hr class=\"wp-block-separator has-alpha-channel-opacity is-style-dots\"\/>\n\n<h2 class=\"wp-block-heading has-text-align-center\">Dorzu\u0107 do koszyka<\/h2>\n\n<div data-block-name=\"woocommerce\/product-new\" data-columns=\"4\" data-rows=\"1\" class=\"wc-block-grid wp-block-product-new wp-block-woocommerce-product-new wc-block-product-new has-4-columns\"><ul class=\"wc-block-grid__products\"><li class=\"wc-block-grid__product\">\n\t\t\t\t<a href=\"https:\/\/lanrel.pl\/pl\/produkt\/royal-canin-x-small-adult-8-karma-sucha-dla-psow-dojrzalych-powyzej-8-roku-zycia-ras-miniaturowych-do-4-kg\/\" class=\"wc-block-grid__product-link\">\n\t\t\t\t\t\n\t\t\t\t\t<div class=\"wc-block-grid__product-image\"><img fetchpriority=\"high\" decoding=\"async\" width=\"400\" height=\"444\" src=\"https:\/\/lanrel.pl\/wp-content\/uploads\/2025\/11\/RC-SHN-X-smallAdult8-MV-1-pl_PL.pdf-400x444.jpeg\" class=\"attachment-woocommerce_thumbnail size-woocommerce_thumbnail\" alt=\"ROYAL CANIN\u00ae X-Small Adult 8+ karma sucha dla ps\u00f3w dojrza\u0142ych powy\u017cej 8 roku \u017cycia ras miniaturowych do 4 kg\" srcset=\"https:\/\/lanrel.pl\/wp-content\/uploads\/2025\/11\/RC-SHN-X-smallAdult8-MV-1-pl_PL.pdf-400x444.jpeg 400w, https:\/\/lanrel.pl\/wp-content\/uploads\/2025\/11\/RC-SHN-X-smallAdult8-MV-1-pl_PL.pdf-12x12.jpeg 12w\" sizes=\"(max-width: 400px) 100vw, 400px\" \/><\/div>\n\t\t\t\t\t<div class=\"wc-block-grid__product-title\">ROYAL CANIN\u00ae X-Small Adult 8+ karma sucha dla ps\u00f3w dojrza\u0142ych powy\u017cej 8 roku \u017cycia ras miniaturowych do 4 kg<\/div>\n\t\t\t\t<\/a>\n\t\t\t\t<div class=\"wc-block-grid__product-price price\" data-no-translation=\"\" data-trp-gettext=\"\"><span class=\"woocommerce-Price-amount amount\">16.88<span class=\"woocommerce-Price-currencySymbol\">&#122;&#322;<\/span><\/span> &ndash; <span class=\"woocommerce-Price-amount amount\">48.88<span class=\"woocommerce-Price-currencySymbol\">&#122;&#322;<\/span><\/span><\/div>\n\t\t\t\t\n\t\t\t\t<div class=\"wp-block-button wc-block-grid__product-add-to-cart\"><a href=\"https:\/\/lanrel.pl\/pl\/produkt\/royal-canin-x-small-adult-8-karma-sucha-dla-psow-dojrzalych-powyzej-8-roku-zycia-ras-miniaturowych-do-4-kg\/\" aria-label=\"Wybierz opcje dla \u201eROYAL CANIN\u00ae X-Small Adult 8+ karma sucha dla ps\u00f3w dojrza\u0142ych powy\u017cej 8 roku \u017cycia ras miniaturowych do 4 kg\u201d\" data-quantity=\"1\" data-product_id=\"8396\" data-product_sku=\"\" data-price=\"0\" rel=\"nofollow\" class=\"wp-block-button__link  add_to_cart_button\" data-no-translation=\"\" data-trp-gettext=\"\" data-no-translation-aria-label=\"\">Dowiedz si\u0119 wi\u0119cej<\/a><\/div>\n\t\t\t<\/li><li class=\"wc-block-grid__product\">\n\t\t\t\t<a href=\"https:\/\/lanrel.pl\/pl\/produkt\/royal-canin-x-small-puppy-karma-sucha-dla-szczeniat-ras-miniaturowych\/\" class=\"wc-block-grid__product-link\">\n\t\t\t\t\t\n\t\t\t\t\t<div class=\"wc-block-grid__product-image\"><img decoding=\"async\" width=\"400\" height=\"444\" src=\"https:\/\/lanrel.pl\/wp-content\/uploads\/2025\/11\/RC-SHN-X-smallJunior-MV-1-pl_PL.pdf-400x444.jpeg\" class=\"attachment-woocommerce_thumbnail size-woocommerce_thumbnail\" alt=\"ROYAL CANIN\u00ae X-Small Puppy karma sucha dla szczeni\u0105t ras miniaturowych\" srcset=\"https:\/\/lanrel.pl\/wp-content\/uploads\/2025\/11\/RC-SHN-X-smallJunior-MV-1-pl_PL.pdf-400x444.jpeg 400w, https:\/\/lanrel.pl\/wp-content\/uploads\/2025\/11\/RC-SHN-X-smallJunior-MV-1-pl_PL.pdf-12x12.jpeg 12w\" sizes=\"(max-width: 400px) 100vw, 400px\" \/><\/div>\n\t\t\t\t\t<div class=\"wc-block-grid__product-title\">ROYAL CANIN\u00ae X-Small Puppy karma sucha dla szczeni\u0105t ras miniaturowych<\/div>\n\t\t\t\t<\/a>\n\t\t\t\t<div class=\"wc-block-grid__product-price price\" data-no-translation=\"\" data-trp-gettext=\"\"><span class=\"woocommerce-Price-amount amount\">18.28<span class=\"woocommerce-Price-currencySymbol\">&#122;&#322;<\/span><\/span> &ndash; <span class=\"woocommerce-Price-amount amount\">52.28<span class=\"woocommerce-Price-currencySymbol\">&#122;&#322;<\/span><\/span><\/div>\n\t\t\t\t\n\t\t\t\t<div class=\"wp-block-button wc-block-grid__product-add-to-cart\"><a href=\"https:\/\/lanrel.pl\/pl\/produkt\/royal-canin-x-small-puppy-karma-sucha-dla-szczeniat-ras-miniaturowych\/\" aria-label=\"Wybierz opcje dla \u201eROYAL CANIN\u00ae X-Small Puppy karma sucha dla szczeni\u0105t ras miniaturowych\u201d\" data-quantity=\"1\" data-product_id=\"8392\" data-product_sku=\"\" data-price=\"0\" rel=\"nofollow\" class=\"wp-block-button__link  add_to_cart_button\" data-no-translation=\"\" data-trp-gettext=\"\" data-no-translation-aria-label=\"\">Dowiedz si\u0119 wi\u0119cej<\/a><\/div>\n\t\t\t<\/li><li class=\"wc-block-grid__product\">\n\t\t\t\t<a href=\"https:\/\/lanrel.pl\/pl\/produkt\/royal-canin-x-small-adult-karma-sucha-dla-psow-doroslych-ras-miniaturowych\/\" class=\"wc-block-grid__product-link\">\n\t\t\t\t\t\n\t\t\t\t\t<div class=\"wc-block-grid__product-image\"><img decoding=\"async\" width=\"400\" height=\"444\" src=\"https:\/\/lanrel.pl\/wp-content\/uploads\/2025\/11\/RC-SHN-DRY-XSAD-1003_Page_02-400x444.jpg\" class=\"attachment-woocommerce_thumbnail size-woocommerce_thumbnail\" alt=\"ROYAL CANIN\u00ae X-Small Adult karma sucha dla ps\u00f3w doros\u0142ych ras miniaturowych\" srcset=\"https:\/\/lanrel.pl\/wp-content\/uploads\/2025\/11\/RC-SHN-DRY-XSAD-1003_Page_02-400x444.jpg 400w, https:\/\/lanrel.pl\/wp-content\/uploads\/2025\/11\/RC-SHN-DRY-XSAD-1003_Page_02-12x12.jpg 12w\" sizes=\"(max-width: 400px) 100vw, 400px\" \/><\/div>\n\t\t\t\t\t<div class=\"wc-block-grid__product-title\">ROYAL CANIN\u00ae X-Small Adult karma sucha dla ps\u00f3w doros\u0142ych ras miniaturowych<\/div>\n\t\t\t\t<\/a>\n\t\t\t\t<div class=\"wc-block-grid__product-price price\" data-no-translation=\"\" data-trp-gettext=\"\"><span class=\"woocommerce-Price-amount amount\">15.98<span class=\"woocommerce-Price-currencySymbol\">&#122;&#322;<\/span><\/span> &ndash; <span class=\"woocommerce-Price-amount amount\">73.88<span class=\"woocommerce-Price-currencySymbol\">&#122;&#322;<\/span><\/span><\/div>\n\t\t\t\t\n\t\t\t\t<div class=\"wp-block-button wc-block-grid__product-add-to-cart\"><a href=\"https:\/\/lanrel.pl\/pl\/produkt\/royal-canin-x-small-adult-karma-sucha-dla-psow-doroslych-ras-miniaturowych\/\" aria-label=\"Wybierz opcje dla \u201eROYAL CANIN\u00ae X-Small Adult karma sucha dla ps\u00f3w doros\u0142ych ras miniaturowych\u201d\" data-quantity=\"1\" data-product_id=\"8366\" data-product_sku=\"\" data-price=\"0\" rel=\"nofollow\" class=\"wp-block-button__link  add_to_cart_button\" data-no-translation=\"\" data-trp-gettext=\"\" data-no-translation-aria-label=\"\">Dowiedz si\u0119 wi\u0119cej<\/a><\/div>\n\t\t\t<\/li><li class=\"wc-block-grid__product\">\n\t\t\t\t<a href=\"https:\/\/lanrel.pl\/pl\/produkt\/royal-canin-medium-starter-motherbabydog-karma-sucha-dla-dla-suk-w-ciazy\/\" class=\"wc-block-grid__product-link\">\n\t\t\t\t\t\n\t\t\t\t\t<div class=\"wc-block-grid__product-image\"><img loading=\"lazy\" decoding=\"async\" width=\"400\" height=\"444\" src=\"https:\/\/lanrel.pl\/wp-content\/uploads\/2025\/11\/RC-SHN-MediumStarter-MV-1-pl_PL.pdf-400x444.jpeg\" class=\"attachment-woocommerce_thumbnail size-woocommerce_thumbnail\" alt=\"ROYAL CANIN\u00ae Medium Starter Mother&amp;Babydog  karma sucha dla dla suk w ci\u0105\u017cy\" srcset=\"https:\/\/lanrel.pl\/wp-content\/uploads\/2025\/11\/RC-SHN-MediumStarter-MV-1-pl_PL.pdf-400x444.jpeg 400w, https:\/\/lanrel.pl\/wp-content\/uploads\/2025\/11\/RC-SHN-MediumStarter-MV-1-pl_PL.pdf-12x12.jpeg 12w\" sizes=\"(max-width: 400px) 100vw, 400px\" \/><\/div>\n\t\t\t\t\t<div class=\"wc-block-grid__product-title\">ROYAL CANIN\u00ae Medium Starter Mother&amp;Babydog  karma sucha dla dla suk w ci\u0105\u017cy<\/div>\n\t\t\t\t<\/a>\n\t\t\t\t<div class=\"wc-block-grid__product-price price\" data-no-translation=\"\" data-trp-gettext=\"\"><span class=\"woocommerce-Price-amount amount\">113.58<span class=\"woocommerce-Price-currencySymbol\">&#122;&#322;<\/span><\/span> &ndash; <span class=\"woocommerce-Price-amount amount\">357.68<span class=\"woocommerce-Price-currencySymbol\">&#122;&#322;<\/span><\/span><\/div>\n\t\t\t\t\n\t\t\t\t<div class=\"wp-block-button wc-block-grid__product-add-to-cart\"><a href=\"https:\/\/lanrel.pl\/pl\/produkt\/royal-canin-medium-starter-motherbabydog-karma-sucha-dla-dla-suk-w-ciazy\/\" aria-label=\"Wybierz opcje dla \u201eROYAL CANIN\u00ae Medium Starter Mother&amp;Babydog  karma sucha dla dla suk w ci\u0105\u017cy\u201d\" data-quantity=\"1\" data-product_id=\"8338\" data-product_sku=\"\" data-price=\"0\" rel=\"nofollow\" class=\"wp-block-button__link  add_to_cart_button\" data-no-translation=\"\" data-trp-gettext=\"\" data-no-translation-aria-label=\"\">Dowiedz si\u0119 wi\u0119cej<\/a><\/div>\n\t\t\t<\/li><\/ul><\/div><\/div><\/div>","protected":false},"excerpt":{"rendered":"","protected":false},"author":1,"featured_media":0,"parent":0,"menu_order":0,"comment_status":"closed","ping_status":"closed","template":"","meta":{"om_disable_all_campaigns":false,"inline_featured_image":false,"footnotes":""},"class_list":["post-11","page","type-page","status-publish","hentry"],"_links":{"self":[{"href":"https:\/\/lanrel.pl\/pl\/wp-json\/wp\/v2\/pages\/11","targetHints":{"allow":["GET"]}}],"collection":[{"href":"https:\/\/lanrel.pl\/pl\/wp-json\/wp\/v2\/pages"}],"about":[{"href":"https:\/\/lanrel.pl\/pl\/wp-json\/wp\/v2\/types\/page"}],"author":[{"embeddable":true,"href":"https:\/\/lanrel.pl\/pl\/wp-json\/wp\/v2\/users\/1"}],"replies":[{"embeddable":true,"href":"https:\/\/lanrel.pl\/pl\/wp-json\/wp\/v2\/comments?post=11"}],"version-history":[{"count":12,"href":"https:\/\/lanrel.pl\/pl\/wp-json\/wp\/v2\/pages\/11\/revisions"}],"predecessor-version":[{"id":5957,"href":"https:\/\/lanrel.pl\/pl\/wp-json\/wp\/v2\/pages\/11\/revisions\/5957"}],"wp:attachment":[{"href":"https:\/\/lanrel.pl\/pl\/wp-json\/wp\/v2\/media?parent=11"}],"curies":[{"name":"wp","href":"https:\/\/api.w.org\/{rel}","templated":true}]}}